{"id":2565,"date":"2015-07-08T01:09:59","date_gmt":"2015-07-07T23:09:59","guid":{"rendered":"http:\/\/mea.icode-web.de\/mea\/?page_id=2565"},"modified":"2020-08-31T13:15:30","modified_gmt":"2020-08-31T11:15:30","slug":"impressum","status":"publish","type":"page","link":"https:\/\/www.mea-maschinen.de\/en\/impressum\/","title":{"rendered":"Impressum"},"content":{"rendered":"<p>\n<div class=\"google-maps-builder-wrap\">\n\n\t<div id=\"google-maps-builder-3032\" class=\"google-maps-builder\"  data-map-id=\"3032\" style=\"width:100%; height:300px\"><\/div>\n\n\t\n<\/div>\n<br \/>\n<strong>MEA Maschinen GmbH<\/strong><br \/>\n42781 Haan<br \/>\nLeichtmetallstr. 22<br \/>\nGermany (Deutschland B.R.D.)<\/p>\n<p>Tel.: +49 (0)2104 8335-0<br \/>\nFax.: +49 (0)2104 8335-26<\/p>\n<p>www.mea-maschinen.de<br \/>\ninfo@mea-maschinen.de<\/p>\n<p>Handelsregister: Wuppertal B 25735<\/p>\n<p>UST.-ID-Nr: DE 121302136<\/p>\n<p>Gesch\u00e4ftsf\u00fchrer:<br \/>\nVolker Alischewski, Stephan Figge<\/p>\n<p>Haftungsausschlussinhalte: Alle Angebote sind freibleibend und unverbindlich. Der Autor beh\u00e4lt es sich ausdr\u00fccklich vor, Teile der Seiten oder das gesamte Angebot ohne gesonderte Ank\u00fcndigung zu ver\u00e4ndern, zu erg\u00e4nzen, zu l\u00f6schen oder die Ver\u00f6ffentlichung zeitweise oder endg\u00fcltig einzustellen.<\/p>\n<p>Verweise und Links: Der Autor erkl\u00e4rt ausdr\u00fccklich, dass zum Zeitpunkt der Linksetzung keine illegalen Inhalte auf den zu verlinkenden Seiten erkennbar waren. Auf die aktuelle und zuk\u00fcnftige Gestaltung, die Inhalte oder die Urheberschaft der gelinkten\/verkn\u00fcpften Seiten hat der Autor keinerlei Einfluss. Deshalb distanziert er sich hiermit ausdr\u00fccklich von allen Inhalten aller gelinkten \/verkn\u00fcpften Seiten, die nach der Linksetzung ver\u00e4ndert wurden.<\/p>\n<p>Bilder, Grafiken, Texte: Der Autor ist bestrebt, in allen Publikationen die Urheberrechte der verwendeten Grafiken, Fotos und Texte zu beachten, von ihm selbst erstellte Grafiken, Fotos und Texte zu nutzen oder auf Grafiken, Fotos und Texte zur\u00fcckzugreifen, deren Nutzung ausdr\u00fccklich durch den Urheber genehmigt wurde.<\/p>\n<p>Datenschutz: Innerhalb dieses Internetangebotes besteht die M\u00f6glichkeit zur Eingabe pers\u00f6nlicher oder gesch\u00e4ftlicher Daten (Emailadressen, Namen, Anschriften), so erfolgt die Preisgabe dieser Daten seitens des Nutzers auf ausdr\u00fccklich freiwilliger Basis.<\/p>\n","protected":false},"excerpt":{"rendered":"<p>MEA Maschinen GmbH 42781 Haan Leichtmetallstr. 22 Germany (Deutschland B.R.D.) Tel.: +49 (0)2104 8335-0 Fax.: +49 (0)2104 8335-26 www.mea-maschinen.de info@mea-maschinen.de Handelsregister: Wuppertal B 25735 UST.-ID-Nr: DE 121302136 Gesch\u00e4ftsf\u00fchrer: Volker Alischewski, Stephan Figge Haftungsausschlussinhalte: Alle Angebote sind freibleibend und unverbindlich. Der Autor beh\u00e4lt es sich ausdr\u00fccklich vor, Teile der Seiten oder das gesamte Angebot ohne gesonderte [&hellip;]<\/p>\n","protected":false},"author":2,"featured_media":0,"parent":0,"menu_order":0,"comment_status":"closed","ping_status":"closed","template":"","meta":[],"_links":{"self":[{"href":"https:\/\/www.mea-maschinen.de\/en\/wp-json\/wp\/v2\/pages\/2565"}],"collection":[{"href":"https:\/\/www.mea-maschinen.de\/en\/wp-json\/wp\/v2\/pages"}],"about":[{"href":"https:\/\/www.mea-maschinen.de\/en\/wp-json\/wp\/v2\/types\/page"}],"author":[{"embeddable":true,"href":"https:\/\/www.mea-maschinen.de\/en\/wp-json\/wp\/v2\/users\/2"}],"replies":[{"embeddable":true,"href":"https:\/\/www.mea-maschinen.de\/en\/wp-json\/wp\/v2\/comments?post=2565"}],"version-history":[{"count":7,"href":"https:\/\/www.mea-maschinen.de\/en\/wp-json\/wp\/v2\/pages\/2565\/revisions"}],"predecessor-version":[{"id":3359,"href":"https:\/\/www.mea-maschinen.de\/en\/wp-json\/wp\/v2\/pages\/2565\/revisions\/3359"}],"wp:attachment":[{"href":"https:\/\/www.mea-maschinen.de\/en\/wp-json\/wp\/v2\/media?parent=2565"}],"curies":[{"name":"wp","href":"https:\/\/api.w.org\/{rel}","templated":true}]}}